{"id":3364,"date":"2023-08-03T20:57:18","date_gmt":"2023-08-03T18:57:18","guid":{"rendered":"https:\/\/www.sapt.sk\/?page_id=3364"},"modified":"2023-09-14T20:52:21","modified_gmt":"2023-09-14T18:52:21","slug":"videoteka","status":"publish","type":"page","link":"https:\/\/www.sapt.sk\/en\/pre-clenov\/videoteka\/","title":{"rendered":"Videot\u00e9ka"},"content":{"rendered":"\t\t<div data-elementor-type=\"wp-page\" data-elementor-id=\"3364\" class=\"elementor elementor-3364\" data-elementor-post-type=\"page\">\n\t\t\t\t\t\t\t\t\t<section class=\"elementor-section elementor-top-section elementor-element elementor-element-281bc96 elementor-section-boxed elementor-section-height-default elementor-section-height-default\" data-id=\"281bc96\" data-element_type=\"section\">\n\t\t\t\t\t\t<div class=\"elementor-container elementor-column-gap-default\">\n\t\t\t\t\t<div class=\"elementor-column elementor-col-100 elementor-top-column elementor-element elementor-element-d879ef2\" data-id=\"d879ef2\" data-element_type=\"column\">\n\t\t\t<div class=\"elementor-widget-wrap elementor-element-populated\">\n\t\t\t\t\t\t\t\t<div class=\"elementor-element elementor-element-8ab44ee elementor-widget elementor-widget-text-editor\" data-id=\"8ab44ee\" data-element_type=\"widget\" data-widget_type=\"text-editor.default\">\n\t\t\t\t<div class=\"elementor-widget-container\">\n\t\t\t<style>\/*! elementor - v3.15.0 - 02-08-2023 *\/\n.elementor-widget-text-editor.elementor-drop-cap-view-stacked .elementor-drop-cap{background-color:#69727d;color:#fff}.elementor-widget-text-editor.elementor-drop-cap-view-framed .elementor-drop-cap{color:#69727d;border:3px solid;background-color:transparent}.elementor-widget-text-editor:not(.elementor-drop-cap-view-default) .elementor-drop-cap{margin-top:8px}.elementor-widget-text-editor:not(.elementor-drop-cap-view-default) .elementor-drop-cap-letter{width:1em;height:1em}.elementor-widget-text-editor .elementor-drop-cap{float:left;text-align:center;line-height:1;font-size:50px}.elementor-widget-text-editor .elementor-drop-cap-letter{display:inline-block}<\/style>\t\t\t\t<p>\u013dutujeme, ale tento obsah je dostupn\u00fd len pre prihl\u00e1sen\u00fdch u\u017e\u00edvate\u013eov.<\/p>\t\t\t\t\t\t<\/div>\n\t\t\t\t<\/div>\n\t\t\t\t\t<\/div>\n\t\t<\/div>\n\t\t\t\t\t\t\t<\/div>\n\t\t<\/section>\n\t\t\t\t\t\t\t<\/div>\n\t\t","protected":false},"excerpt":{"rendered":"<p>\u013dutujeme, ale tento obsah je dostupn\u00fd len pre prihl\u00e1sen\u00fdch u\u017e\u00edvate\u013eov.<\/p>\n","protected":false},"author":1,"featured_media":0,"parent":59,"menu_order":0,"comment_status":"closed","ping_status":"closed","template":"","meta":{"footnotes":""},"class_list":["post-3364","page","type-page","status-publish","hentry"],"yoast_head":"<!-- This site is optimized with the Yoast SEO plugin v20.2.1 - https:\/\/yoast.com\/wordpress\/plugins\/seo\/ -->\n<title>Videot\u00e9ka - The Slovak Association of Translators and Interpreters<\/title>\n<meta name=\"robots\" content=\"index, follow, max-snippet:-1, max-image-preview:large, max-video-preview:-1\" \/>\n<link rel=\"canonical\" href=\"https:\/\/www.sapt.sk\/en\/pre-clenov\/videoteka\/\" \/>\n<meta property=\"og:locale\" content=\"en_US\" \/>\n<meta property=\"og:type\" content=\"article\" \/>\n<meta property=\"og:title\" content=\"Videot\u00e9ka - The Slovak Association of Translators and Interpreters\" \/>\n<meta property=\"og:description\" content=\"\u013dutujeme, ale tento obsah je dostupn\u00fd len pre prihl\u00e1sen\u00fdch u\u017e\u00edvate\u013eov.\" \/>\n<meta property=\"og:url\" content=\"https:\/\/www.sapt.sk\/en\/pre-clenov\/videoteka\/\" \/>\n<meta property=\"og:site_name\" content=\"The Slovak Association of Translators and Interpreters\" \/>\n<meta property=\"article:modified_time\" content=\"2023-09-14T18:52:21+00:00\" \/>\n<meta name=\"twitter:card\" content=\"summary_large_image\" \/>\n<meta name=\"twitter:label1\" content=\"Est. reading time\" \/>\n\t<meta name=\"twitter:data1\" content=\"6 minutes\" \/>\n<script type=\"application\/ld+json\" class=\"yoast-schema-graph\">{\"@context\":\"https:\/\/schema.org\",\"@graph\":[{\"@type\":\"WebPage\",\"@id\":\"https:\/\/www.sapt.sk\/en\/pre-clenov\/videoteka\/\",\"url\":\"https:\/\/www.sapt.sk\/en\/pre-clenov\/videoteka\/\",\"name\":\"Videot\u00e9ka - The Slovak Association of Translators and Interpreters\",\"isPartOf\":{\"@id\":\"https:\/\/www.sapt.sk\/en\/#website\"},\"datePublished\":\"2023-08-03T18:57:18+00:00\",\"dateModified\":\"2023-09-14T18:52:21+00:00\",\"breadcrumb\":{\"@id\":\"https:\/\/www.sapt.sk\/en\/pre-clenov\/videoteka\/#breadcrumb\"},\"inLanguage\":\"en-US\",\"potentialAction\":[{\"@type\":\"ReadAction\",\"target\":[\"https:\/\/www.sapt.sk\/en\/pre-clenov\/videoteka\/\"]}]},{\"@type\":\"BreadcrumbList\",\"@id\":\"https:\/\/www.sapt.sk\/en\/pre-clenov\/videoteka\/#breadcrumb\",\"itemListElement\":[{\"@type\":\"ListItem\",\"position\":1,\"name\":\"Home\",\"item\":\"https:\/\/www.sapt.sk\/en\/\"},{\"@type\":\"ListItem\",\"position\":2,\"name\":\"Pre \u010dlenov\",\"item\":\"https:\/\/www.sapt.sk\/en\/pre-clenov\/\"},{\"@type\":\"ListItem\",\"position\":3,\"name\":\"Videot\u00e9ka\"}]},{\"@type\":\"WebSite\",\"@id\":\"https:\/\/www.sapt.sk\/en\/#website\",\"url\":\"https:\/\/www.sapt.sk\/en\/\",\"name\":\"The Slovak Association of Translators and Interpreters\",\"description\":\"SAPT brings together professional translators and interpreters.\",\"publisher\":{\"@id\":\"https:\/\/www.sapt.sk\/en\/#organization\"},\"potentialAction\":[{\"@type\":\"SearchAction\",\"target\":{\"@type\":\"EntryPoint\",\"urlTemplate\":\"https:\/\/www.sapt.sk\/en\/?s={search_term_string}\"},\"query-input\":\"required name=search_term_string\"}],\"inLanguage\":\"en-US\"},{\"@type\":\"Organization\",\"@id\":\"https:\/\/www.sapt.sk\/en\/#organization\",\"name\":\"The Slovak Association of Translators and Interpreters\",\"url\":\"https:\/\/www.sapt.sk\/en\/\",\"logo\":{\"@type\":\"ImageObject\",\"inLanguage\":\"en-US\",\"@id\":\"https:\/\/www.sapt.sk\/en\/#\/schema\/logo\/image\/\",\"url\":\"https:\/\/www.sapt.sk\/wp-content\/uploads\/2022\/07\/logo_sharp.png\",\"contentUrl\":\"https:\/\/www.sapt.sk\/wp-content\/uploads\/2022\/07\/logo_sharp.png\",\"width\":471,\"height\":229,\"caption\":\"The Slovak Association of Translators and Interpreters\"},\"image\":{\"@id\":\"https:\/\/www.sapt.sk\/en\/#\/schema\/logo\/image\/\"}}]}<\/script>\n<!-- \/ Yoast SEO plugin. -->","yoast_head_json":{"title":"Videot\u00e9ka - The Slovak Association of Translators and Interpreters","robots":{"index":"index","follow":"follow","max-snippet":"max-snippet:-1","max-image-preview":"max-image-preview:large","max-video-preview":"max-video-preview:-1"},"canonical":"https:\/\/www.sapt.sk\/en\/pre-clenov\/videoteka\/","og_locale":"en_US","og_type":"article","og_title":"Videot\u00e9ka - The Slovak Association of Translators and Interpreters","og_description":"\u013dutujeme, ale tento obsah je dostupn\u00fd len pre prihl\u00e1sen\u00fdch u\u017e\u00edvate\u013eov.","og_url":"https:\/\/www.sapt.sk\/en\/pre-clenov\/videoteka\/","og_site_name":"The Slovak Association of Translators and Interpreters","article_modified_time":"2023-09-14T18:52:21+00:00","twitter_card":"summary_large_image","twitter_misc":{"Est. reading time":"6 minutes"},"schema":{"@context":"https:\/\/schema.org","@graph":[{"@type":"WebPage","@id":"https:\/\/www.sapt.sk\/en\/pre-clenov\/videoteka\/","url":"https:\/\/www.sapt.sk\/en\/pre-clenov\/videoteka\/","name":"Videot\u00e9ka - The Slovak Association of Translators and Interpreters","isPartOf":{"@id":"https:\/\/www.sapt.sk\/en\/#website"},"datePublished":"2023-08-03T18:57:18+00:00","dateModified":"2023-09-14T18:52:21+00:00","breadcrumb":{"@id":"https:\/\/www.sapt.sk\/en\/pre-clenov\/videoteka\/#breadcrumb"},"inLanguage":"en-US","potentialAction":[{"@type":"ReadAction","target":["https:\/\/www.sapt.sk\/en\/pre-clenov\/videoteka\/"]}]},{"@type":"BreadcrumbList","@id":"https:\/\/www.sapt.sk\/en\/pre-clenov\/videoteka\/#breadcrumb","itemListElement":[{"@type":"ListItem","position":1,"name":"Home","item":"https:\/\/www.sapt.sk\/en\/"},{"@type":"ListItem","position":2,"name":"Pre \u010dlenov","item":"https:\/\/www.sapt.sk\/en\/pre-clenov\/"},{"@type":"ListItem","position":3,"name":"Videot\u00e9ka"}]},{"@type":"WebSite","@id":"https:\/\/www.sapt.sk\/en\/#website","url":"https:\/\/www.sapt.sk\/en\/","name":"The Slovak Association of Translators and Interpreters","description":"SAPT brings together professional translators and interpreters.","publisher":{"@id":"https:\/\/www.sapt.sk\/en\/#organization"},"potentialAction":[{"@type":"SearchAction","target":{"@type":"EntryPoint","urlTemplate":"https:\/\/www.sapt.sk\/en\/?s={search_term_string}"},"query-input":"required name=search_term_string"}],"inLanguage":"en-US"},{"@type":"Organization","@id":"https:\/\/www.sapt.sk\/en\/#organization","name":"The Slovak Association of Translators and Interpreters","url":"https:\/\/www.sapt.sk\/en\/","logo":{"@type":"ImageObject","inLanguage":"en-US","@id":"https:\/\/www.sapt.sk\/en\/#\/schema\/logo\/image\/","url":"https:\/\/www.sapt.sk\/wp-content\/uploads\/2022\/07\/logo_sharp.png","contentUrl":"https:\/\/www.sapt.sk\/wp-content\/uploads\/2022\/07\/logo_sharp.png","width":471,"height":229,"caption":"The Slovak Association of Translators and Interpreters"},"image":{"@id":"https:\/\/www.sapt.sk\/en\/#\/schema\/logo\/image\/"}}]}},"_links":{"self":[{"href":"https:\/\/www.sapt.sk\/en\/wp-json\/wp\/v2\/pages\/3364","targetHints":{"allow":["GET"]}}],"collection":[{"href":"https:\/\/www.sapt.sk\/en\/wp-json\/wp\/v2\/pages"}],"about":[{"href":"https:\/\/www.sapt.sk\/en\/wp-json\/wp\/v2\/types\/page"}],"author":[{"embeddable":true,"href":"https:\/\/www.sapt.sk\/en\/wp-json\/wp\/v2\/users\/1"}],"replies":[{"embeddable":true,"href":"https:\/\/www.sapt.sk\/en\/wp-json\/wp\/v2\/comments?post=3364"}],"version-history":[{"count":104,"href":"https:\/\/www.sapt.sk\/en\/wp-json\/wp\/v2\/pages\/3364\/revisions"}],"predecessor-version":[{"id":4027,"href":"https:\/\/www.sapt.sk\/en\/wp-json\/wp\/v2\/pages\/3364\/revisions\/4027"}],"up":[{"embeddable":true,"href":"https:\/\/www.sapt.sk\/en\/wp-json\/wp\/v2\/pages\/59"}],"wp:attachment":[{"href":"https:\/\/www.sapt.sk\/en\/wp-json\/wp\/v2\/media?parent=3364"}],"curies":[{"name":"wp","href":"https:\/\/api.w.org\/{rel}","templated":true}]}}