{"id":2548,"date":"2022-07-11T09:08:39","date_gmt":"2022-07-11T07:08:39","guid":{"rendered":"https:\/\/www.sapt.sk\/tlmocenie\/"},"modified":"2023-01-20T12:38:13","modified_gmt":"2023-01-20T11:38:13","slug":"tlmocenie","status":"publish","type":"page","link":"https:\/\/www.sapt.sk\/en\/tlmocenie\/","title":{"rendered":"Interpreting"},"content":{"rendered":"<p><b>Tlmo\u010denie, hoci sa \u010dasto pletie s prekladom, m\u00e1 od prekladania mnoh\u00e9 veci rozli\u010dn\u00e9. Ak\u00e9? A \u010do to vlastne je tlmo\u010denie? To sa dozviete v tomto \u010dl\u00e1nku.<\/b><\/p>\n<p><span style=\"font-weight: 400;\">Tlmo\u010denie je \u00fastna reprodukcia hovoren\u00e9ho slova v r\u00e1mci dvoch jazykov. Pr\u00e1ve \u00fastnos\u0165 prejavu ho najviac odli\u0161uje od prekladania p\u00edsan\u00e9ho textu. Rozdielov je e\u0161te viacero. Pri tlmo\u010den\u00ed je nevyhnutn\u00e9 ovl\u00e1da\u0165 e\u0161te tieto zru\u010dnosti:<\/span><\/p>\n<ul>\n<li style=\"font-weight: 400;\" aria-level=\"1\"><span style=\"font-weight: 400;\">r\u00e9torick\u00e9 (v\u00fdborn\u00e1 v\u00fdslovnos\u0165 a artikul\u00e1cia, perfektn\u00e9 ovl\u00e1danie hovoren\u00e9ho jazyka)<\/span><\/li>\n<li style=\"font-weight: 400;\" aria-level=\"1\"><span style=\"font-weight: 400;\">osobnostn\u00e9 (v\u00fdborn\u00e1 pam\u00e4\u0165, schopnos\u0165 robi\u0165 viacero vec\u00ed s\u00fa\u010dasne, dobre po\u010d\u00fava\u0165 a pod.)<\/span><\/li>\n<li style=\"font-weight: 400;\" aria-level=\"1\"><span style=\"font-weight: 400;\">dokonal\u00e9 ovl\u00e1danie tlmo\u010dn\u00edckych techn\u00edk<\/span><\/li>\n<\/ul>\n<p><span style=\"font-weight: 400;\">Z\u00e1kladn\u00e9 delenie tlmo\u010denia je na <\/span><b>simlut\u00e1nne <\/b><span style=\"font-weight: 400;\">a <\/span><b>konzekut\u00edvne. <\/b><span style=\"font-weight: 400;\">Ak\u00fd je medzi nimi rozdiel? <\/span><b>Simult\u00e1nne <\/b> <span style=\"font-weight: 400;\">prebieha s\u00fa\u010dasne s re\u010dn\u00edkom, resp. len s mal\u00fdm odstupom od re\u010dn\u00edka. Tento typ tlmo\u010denia si vy\u017eaduje \u0161peci\u00e1lnu techniku a v\u017edy dvojicu tlmo\u010dn\u00edkov, ktor\u00ed sa po istom \u010dase striedaj\u00fa. Pri <\/span><b>konzekut\u00edvnom tlmo\u010den\u00ed<\/b><span style=\"font-weight: 400;\"> sa re\u010dn\u00edk s tlmo\u010dn\u00edkom striedaj\u00fa po ur\u010dit\u00fdch kr\u00e1tkych \u00fasekoch. Tlmo\u010dn\u00edk si vtedy rob\u00ed pozn\u00e1mky, na z\u00e1klade ktor\u00fdch si pam\u00e4t\u00e1 obsah re\u010dn\u00edkov\u00fdch slov.<\/span><\/p>\n<p><b>SAPT m\u00e1 vo svojich \u010dlenoch mnoho tlmo\u010dn\u00edkov. N\u00e1jdite si vo va\u0161om regi\u00f3ne kvalifikovan\u00e9ho tlmo\u010dn\u00edka tu a teraz!<\/b><\/p>\n","protected":false},"excerpt":{"rendered":"<p>Tlmo\u010denie, hoci sa \u010dasto pletie s prekladom, m\u00e1 od prekladania mnoh\u00e9 veci rozli\u010dn\u00e9. Ak\u00e9? A \u010do to vlastne je tlmo\u010denie? To sa dozviete v tomto \u010dl\u00e1nku. Tlmo\u010denie je \u00fastna reprodukcia hovoren\u00e9ho slova v r\u00e1mci dvoch jazykov. Pr\u00e1ve \u00fastnos\u0165 prejavu ho najviac odli\u0161uje od prekladania p\u00edsan\u00e9ho textu. Rozdielov je e\u0161te viacero. Pri tlmo\u010den\u00ed je nevyhnutn\u00e9 ovl\u00e1da\u0165 [&hellip;]<\/p>\n","protected":false},"author":1,"featured_media":0,"parent":0,"menu_order":0,"comment_status":"closed","ping_status":"closed","template":"","meta":{"footnotes":""},"class_list":["post-2548","page","type-page","status-publish","hentry"],"yoast_head":"<!-- This site is optimized with the Yoast SEO plugin v20.2.1 - https:\/\/yoast.com\/wordpress\/plugins\/seo\/ -->\n<title>Interpreting - The Slovak Association of Translators and Interpreters<\/title>\n<meta name=\"robots\" content=\"index, follow, max-snippet:-1, max-image-preview:large, max-video-preview:-1\" \/>\n<link rel=\"canonical\" href=\"https:\/\/www.sapt.sk\/en\/tlmocenie\/\" \/>\n<meta property=\"og:locale\" content=\"en_US\" \/>\n<meta property=\"og:type\" content=\"article\" \/>\n<meta property=\"og:title\" content=\"Interpreting - The Slovak Association of Translators and Interpreters\" \/>\n<meta property=\"og:description\" content=\"Tlmo\u010denie, hoci sa \u010dasto pletie s prekladom, m\u00e1 od prekladania mnoh\u00e9 veci rozli\u010dn\u00e9. Ak\u00e9? A \u010do to vlastne je tlmo\u010denie? To sa dozviete v tomto \u010dl\u00e1nku. Tlmo\u010denie je \u00fastna reprodukcia hovoren\u00e9ho slova v r\u00e1mci dvoch jazykov. Pr\u00e1ve \u00fastnos\u0165 prejavu ho najviac odli\u0161uje od prekladania p\u00edsan\u00e9ho textu. Rozdielov je e\u0161te viacero. Pri tlmo\u010den\u00ed je nevyhnutn\u00e9 ovl\u00e1da\u0165 [&hellip;]\" \/>\n<meta property=\"og:url\" content=\"https:\/\/www.sapt.sk\/en\/tlmocenie\/\" \/>\n<meta property=\"og:site_name\" content=\"The Slovak Association of Translators and Interpreters\" \/>\n<meta property=\"article:modified_time\" content=\"2023-01-20T11:38:13+00:00\" \/>\n<meta name=\"twitter:card\" content=\"summary_large_image\" \/>\n<meta name=\"twitter:label1\" content=\"Est. reading time\" \/>\n\t<meta name=\"twitter:data1\" content=\"1 minute\" \/>\n<script type=\"application\/ld+json\" class=\"yoast-schema-graph\">{\"@context\":\"https:\/\/schema.org\",\"@graph\":[{\"@type\":\"WebPage\",\"@id\":\"https:\/\/www.sapt.sk\/en\/tlmocenie\/\",\"url\":\"https:\/\/www.sapt.sk\/en\/tlmocenie\/\",\"name\":\"Interpreting - The Slovak Association of Translators and Interpreters\",\"isPartOf\":{\"@id\":\"https:\/\/www.sapt.sk\/en\/#website\"},\"datePublished\":\"2022-07-11T07:08:39+00:00\",\"dateModified\":\"2023-01-20T11:38:13+00:00\",\"breadcrumb\":{\"@id\":\"https:\/\/www.sapt.sk\/en\/tlmocenie\/#breadcrumb\"},\"inLanguage\":\"en-US\",\"potentialAction\":[{\"@type\":\"ReadAction\",\"target\":[\"https:\/\/www.sapt.sk\/en\/tlmocenie\/\"]}]},{\"@type\":\"BreadcrumbList\",\"@id\":\"https:\/\/www.sapt.sk\/en\/tlmocenie\/#breadcrumb\",\"itemListElement\":[{\"@type\":\"ListItem\",\"position\":1,\"name\":\"Home\",\"item\":\"https:\/\/www.sapt.sk\/en\/\"},{\"@type\":\"ListItem\",\"position\":2,\"name\":\"Interpreting\"}]},{\"@type\":\"WebSite\",\"@id\":\"https:\/\/www.sapt.sk\/en\/#website\",\"url\":\"https:\/\/www.sapt.sk\/en\/\",\"name\":\"The Slovak Association of Translators and Interpreters\",\"description\":\"SAPT brings together professional translators and interpreters.\",\"publisher\":{\"@id\":\"https:\/\/www.sapt.sk\/en\/#organization\"},\"potentialAction\":[{\"@type\":\"SearchAction\",\"target\":{\"@type\":\"EntryPoint\",\"urlTemplate\":\"https:\/\/www.sapt.sk\/en\/?s={search_term_string}\"},\"query-input\":\"required name=search_term_string\"}],\"inLanguage\":\"en-US\"},{\"@type\":\"Organization\",\"@id\":\"https:\/\/www.sapt.sk\/en\/#organization\",\"name\":\"The Slovak Association of Translators and Interpreters\",\"url\":\"https:\/\/www.sapt.sk\/en\/\",\"logo\":{\"@type\":\"ImageObject\",\"inLanguage\":\"en-US\",\"@id\":\"https:\/\/www.sapt.sk\/en\/#\/schema\/logo\/image\/\",\"url\":\"https:\/\/www.sapt.sk\/wp-content\/uploads\/2022\/07\/logo_sharp.png\",\"contentUrl\":\"https:\/\/www.sapt.sk\/wp-content\/uploads\/2022\/07\/logo_sharp.png\",\"width\":471,\"height\":229,\"caption\":\"The Slovak Association of Translators and Interpreters\"},\"image\":{\"@id\":\"https:\/\/www.sapt.sk\/en\/#\/schema\/logo\/image\/\"}}]}<\/script>\n<!-- \/ Yoast SEO plugin. -->","yoast_head_json":{"title":"Interpreting - The Slovak Association of Translators and Interpreters","robots":{"index":"index","follow":"follow","max-snippet":"max-snippet:-1","max-image-preview":"max-image-preview:large","max-video-preview":"max-video-preview:-1"},"canonical":"https:\/\/www.sapt.sk\/en\/tlmocenie\/","og_locale":"en_US","og_type":"article","og_title":"Interpreting - The Slovak Association of Translators and Interpreters","og_description":"Tlmo\u010denie, hoci sa \u010dasto pletie s prekladom, m\u00e1 od prekladania mnoh\u00e9 veci rozli\u010dn\u00e9. Ak\u00e9? A \u010do to vlastne je tlmo\u010denie? To sa dozviete v tomto \u010dl\u00e1nku. Tlmo\u010denie je \u00fastna reprodukcia hovoren\u00e9ho slova v r\u00e1mci dvoch jazykov. Pr\u00e1ve \u00fastnos\u0165 prejavu ho najviac odli\u0161uje od prekladania p\u00edsan\u00e9ho textu. Rozdielov je e\u0161te viacero. Pri tlmo\u010den\u00ed je nevyhnutn\u00e9 ovl\u00e1da\u0165 [&hellip;]","og_url":"https:\/\/www.sapt.sk\/en\/tlmocenie\/","og_site_name":"The Slovak Association of Translators and Interpreters","article_modified_time":"2023-01-20T11:38:13+00:00","twitter_card":"summary_large_image","twitter_misc":{"Est. reading time":"1 minute"},"schema":{"@context":"https:\/\/schema.org","@graph":[{"@type":"WebPage","@id":"https:\/\/www.sapt.sk\/en\/tlmocenie\/","url":"https:\/\/www.sapt.sk\/en\/tlmocenie\/","name":"Interpreting - The Slovak Association of Translators and Interpreters","isPartOf":{"@id":"https:\/\/www.sapt.sk\/en\/#website"},"datePublished":"2022-07-11T07:08:39+00:00","dateModified":"2023-01-20T11:38:13+00:00","breadcrumb":{"@id":"https:\/\/www.sapt.sk\/en\/tlmocenie\/#breadcrumb"},"inLanguage":"en-US","potentialAction":[{"@type":"ReadAction","target":["https:\/\/www.sapt.sk\/en\/tlmocenie\/"]}]},{"@type":"BreadcrumbList","@id":"https:\/\/www.sapt.sk\/en\/tlmocenie\/#breadcrumb","itemListElement":[{"@type":"ListItem","position":1,"name":"Home","item":"https:\/\/www.sapt.sk\/en\/"},{"@type":"ListItem","position":2,"name":"Interpreting"}]},{"@type":"WebSite","@id":"https:\/\/www.sapt.sk\/en\/#website","url":"https:\/\/www.sapt.sk\/en\/","name":"The Slovak Association of Translators and Interpreters","description":"SAPT brings together professional translators and interpreters.","publisher":{"@id":"https:\/\/www.sapt.sk\/en\/#organization"},"potentialAction":[{"@type":"SearchAction","target":{"@type":"EntryPoint","urlTemplate":"https:\/\/www.sapt.sk\/en\/?s={search_term_string}"},"query-input":"required name=search_term_string"}],"inLanguage":"en-US"},{"@type":"Organization","@id":"https:\/\/www.sapt.sk\/en\/#organization","name":"The Slovak Association of Translators and Interpreters","url":"https:\/\/www.sapt.sk\/en\/","logo":{"@type":"ImageObject","inLanguage":"en-US","@id":"https:\/\/www.sapt.sk\/en\/#\/schema\/logo\/image\/","url":"https:\/\/www.sapt.sk\/wp-content\/uploads\/2022\/07\/logo_sharp.png","contentUrl":"https:\/\/www.sapt.sk\/wp-content\/uploads\/2022\/07\/logo_sharp.png","width":471,"height":229,"caption":"The Slovak Association of Translators and Interpreters"},"image":{"@id":"https:\/\/www.sapt.sk\/en\/#\/schema\/logo\/image\/"}}]}},"_links":{"self":[{"href":"https:\/\/www.sapt.sk\/en\/wp-json\/wp\/v2\/pages\/2548","targetHints":{"allow":["GET"]}}],"collection":[{"href":"https:\/\/www.sapt.sk\/en\/wp-json\/wp\/v2\/pages"}],"about":[{"href":"https:\/\/www.sapt.sk\/en\/wp-json\/wp\/v2\/types\/page"}],"author":[{"embeddable":true,"href":"https:\/\/www.sapt.sk\/en\/wp-json\/wp\/v2\/users\/1"}],"replies":[{"embeddable":true,"href":"https:\/\/www.sapt.sk\/en\/wp-json\/wp\/v2\/comments?post=2548"}],"version-history":[{"count":2,"href":"https:\/\/www.sapt.sk\/en\/wp-json\/wp\/v2\/pages\/2548\/revisions"}],"predecessor-version":[{"id":2551,"href":"https:\/\/www.sapt.sk\/en\/wp-json\/wp\/v2\/pages\/2548\/revisions\/2551"}],"wp:attachment":[{"href":"https:\/\/www.sapt.sk\/en\/wp-json\/wp\/v2\/media?parent=2548"}],"curies":[{"name":"wp","href":"https:\/\/api.w.org\/{rel}","templated":true}]}}