{"id":2212,"date":"2021-09-06T08:44:12","date_gmt":"2021-09-06T06:44:12","guid":{"rendered":"https:\/\/www.sapt.sk\/?page_id=2212"},"modified":"2021-10-09T20:51:38","modified_gmt":"2021-10-09T18:51:38","slug":"events-and-training","status":"publish","type":"page","link":"https:\/\/www.sapt.sk\/en\/about-us\/events-and-training\/","title":{"rendered":"Events and training"},"content":{"rendered":"<blockquote><p>Jedn\u00fdm zo sp\u00f4sobov zvy\u0161ovania \u00farovne poskytovan\u00fdch prekladate\u013esko-tlmo\u010dn\u00edckych slu\u017eieb je organizovanie r\u00f4znych podujat\u00ed pre odborn\u00fa komunitu, ako aj \u0161tudentov \u010di z\u00e1ujemcov o preklad a tlmo\u010denie. Podujatia organizujeme pravidelne, niektor\u00e9 aj v spolupr\u00e1ci s na\u0161imi partnersk\u00fdmi in\u0161tit\u00faciami. Na tejto str\u00e1nke v\u00e1m prin\u00e1\u0161ame ich preh\u013ead.<\/p><\/blockquote>\n<p>[events]<\/p>\n","protected":false},"excerpt":{"rendered":"<p>Jedn\u00fdm zo sp\u00f4sobov zvy\u0161ovania \u00farovne poskytovan\u00fdch prekladate\u013esko-tlmo\u010dn\u00edckych slu\u017eieb je organizovanie r\u00f4znych podujat\u00ed pre odborn\u00fa komunitu, ako aj \u0161tudentov \u010di z\u00e1ujemcov o preklad a tlmo\u010denie. Podujatia organizujeme pravidelne, niektor\u00e9 aj v spolupr\u00e1ci s na\u0161imi partnersk\u00fdmi in\u0161tit\u00faciami. Na tejto str\u00e1nke v\u00e1m prin\u00e1\u0161ame ich preh\u013ead. [events]<\/p>\n","protected":false},"author":3,"featured_media":1201,"parent":2203,"menu_order":0,"comment_status":"closed","ping_status":"closed","template":"","meta":{"footnotes":""},"class_list":["post-2212","page","type-page","status-publish","has-post-thumbnail","hentry"],"yoast_head":"<!-- This site is optimized with the Yoast SEO plugin v20.2.1 - https:\/\/yoast.com\/wordpress\/plugins\/seo\/ -->\n<title>Events and training - The Slovak Association of Translators and Interpreters<\/title>\n<meta name=\"robots\" content=\"index, follow, max-snippet:-1, max-image-preview:large, max-video-preview:-1\" \/>\n<link rel=\"canonical\" href=\"https:\/\/www.sapt.sk\/en\/about-us\/events-and-training\/\" \/>\n<meta property=\"og:locale\" content=\"en_US\" \/>\n<meta property=\"og:type\" content=\"article\" \/>\n<meta property=\"og:title\" content=\"Events and training - The Slovak Association of Translators and Interpreters\" \/>\n<meta property=\"og:description\" content=\"Jedn\u00fdm zo sp\u00f4sobov zvy\u0161ovania \u00farovne poskytovan\u00fdch prekladate\u013esko-tlmo\u010dn\u00edckych slu\u017eieb je organizovanie r\u00f4znych podujat\u00ed pre odborn\u00fa komunitu, ako aj \u0161tudentov \u010di z\u00e1ujemcov o preklad a tlmo\u010denie. Podujatia organizujeme pravidelne, niektor\u00e9 aj v spolupr\u00e1ci s na\u0161imi partnersk\u00fdmi in\u0161tit\u00faciami. Na tejto str\u00e1nke v\u00e1m prin\u00e1\u0161ame ich preh\u013ead. [events]\" \/>\n<meta property=\"og:url\" content=\"https:\/\/www.sapt.sk\/en\/about-us\/events-and-training\/\" \/>\n<meta property=\"og:site_name\" content=\"The Slovak Association of Translators and Interpreters\" \/>\n<meta property=\"article:modified_time\" content=\"2021-10-09T18:51:38+00:00\" \/>\n<meta property=\"og:image\" content=\"https:\/\/www.sapt.sk\/wp-content\/uploads\/2021\/09\/viac-o-sapt.jpeg\" \/>\n\t<meta property=\"og:image:width\" content=\"1280\" \/>\n\t<meta property=\"og:image:height\" content=\"854\" \/>\n\t<meta property=\"og:image:type\" content=\"image\/jpeg\" \/>\n<meta name=\"twitter:card\" content=\"summary_large_image\" \/>\n<script type=\"application\/ld+json\" class=\"yoast-schema-graph\">{\"@context\":\"https:\/\/schema.org\",\"@graph\":[{\"@type\":\"WebPage\",\"@id\":\"https:\/\/www.sapt.sk\/en\/about-us\/events-and-training\/\",\"url\":\"https:\/\/www.sapt.sk\/en\/about-us\/events-and-training\/\",\"name\":\"Events and training - The Slovak Association of Translators and Interpreters\",\"isPartOf\":{\"@id\":\"https:\/\/www.sapt.sk\/en\/#website\"},\"datePublished\":\"2021-09-06T06:44:12+00:00\",\"dateModified\":\"2021-10-09T18:51:38+00:00\",\"breadcrumb\":{\"@id\":\"https:\/\/www.sapt.sk\/en\/about-us\/events-and-training\/#breadcrumb\"},\"inLanguage\":\"en-US\",\"potentialAction\":[{\"@type\":\"ReadAction\",\"target\":[\"https:\/\/www.sapt.sk\/en\/about-us\/events-and-training\/\"]}]},{\"@type\":\"BreadcrumbList\",\"@id\":\"https:\/\/www.sapt.sk\/en\/about-us\/events-and-training\/#breadcrumb\",\"itemListElement\":[{\"@type\":\"ListItem\",\"position\":1,\"name\":\"Home\",\"item\":\"https:\/\/www.sapt.sk\/en\/\"},{\"@type\":\"ListItem\",\"position\":2,\"name\":\"About us\",\"item\":\"https:\/\/www.sapt.sk\/en\/about-us\/\"},{\"@type\":\"ListItem\",\"position\":3,\"name\":\"Events and training\"}]},{\"@type\":\"WebSite\",\"@id\":\"https:\/\/www.sapt.sk\/en\/#website\",\"url\":\"https:\/\/www.sapt.sk\/en\/\",\"name\":\"The Slovak Association of Translators and Interpreters\",\"description\":\"SAPT brings together professional translators and interpreters.\",\"publisher\":{\"@id\":\"https:\/\/www.sapt.sk\/en\/#organization\"},\"potentialAction\":[{\"@type\":\"SearchAction\",\"target\":{\"@type\":\"EntryPoint\",\"urlTemplate\":\"https:\/\/www.sapt.sk\/en\/?s={search_term_string}\"},\"query-input\":\"required name=search_term_string\"}],\"inLanguage\":\"en-US\"},{\"@type\":\"Organization\",\"@id\":\"https:\/\/www.sapt.sk\/en\/#organization\",\"name\":\"The Slovak Association of Translators and Interpreters\",\"url\":\"https:\/\/www.sapt.sk\/en\/\",\"logo\":{\"@type\":\"ImageObject\",\"inLanguage\":\"en-US\",\"@id\":\"https:\/\/www.sapt.sk\/en\/#\/schema\/logo\/image\/\",\"url\":\"https:\/\/www.sapt.sk\/wp-content\/uploads\/2022\/07\/logo_sharp.png\",\"contentUrl\":\"https:\/\/www.sapt.sk\/wp-content\/uploads\/2022\/07\/logo_sharp.png\",\"width\":471,\"height\":229,\"caption\":\"The Slovak Association of Translators and Interpreters\"},\"image\":{\"@id\":\"https:\/\/www.sapt.sk\/en\/#\/schema\/logo\/image\/\"}}]}<\/script>\n<!-- \/ Yoast SEO plugin. -->","yoast_head_json":{"title":"Events and training - The Slovak Association of Translators and Interpreters","robots":{"index":"index","follow":"follow","max-snippet":"max-snippet:-1","max-image-preview":"max-image-preview:large","max-video-preview":"max-video-preview:-1"},"canonical":"https:\/\/www.sapt.sk\/en\/about-us\/events-and-training\/","og_locale":"en_US","og_type":"article","og_title":"Events and training - The Slovak Association of Translators and Interpreters","og_description":"Jedn\u00fdm zo sp\u00f4sobov zvy\u0161ovania \u00farovne poskytovan\u00fdch prekladate\u013esko-tlmo\u010dn\u00edckych slu\u017eieb je organizovanie r\u00f4znych podujat\u00ed pre odborn\u00fa komunitu, ako aj \u0161tudentov \u010di z\u00e1ujemcov o preklad a tlmo\u010denie. Podujatia organizujeme pravidelne, niektor\u00e9 aj v spolupr\u00e1ci s na\u0161imi partnersk\u00fdmi in\u0161tit\u00faciami. Na tejto str\u00e1nke v\u00e1m prin\u00e1\u0161ame ich preh\u013ead. [events]","og_url":"https:\/\/www.sapt.sk\/en\/about-us\/events-and-training\/","og_site_name":"The Slovak Association of Translators and Interpreters","article_modified_time":"2021-10-09T18:51:38+00:00","og_image":[{"width":1280,"height":854,"url":"https:\/\/www.sapt.sk\/wp-content\/uploads\/2021\/09\/viac-o-sapt.jpeg","type":"image\/jpeg"}],"twitter_card":"summary_large_image","schema":{"@context":"https:\/\/schema.org","@graph":[{"@type":"WebPage","@id":"https:\/\/www.sapt.sk\/en\/about-us\/events-and-training\/","url":"https:\/\/www.sapt.sk\/en\/about-us\/events-and-training\/","name":"Events and training - The Slovak Association of Translators and Interpreters","isPartOf":{"@id":"https:\/\/www.sapt.sk\/en\/#website"},"datePublished":"2021-09-06T06:44:12+00:00","dateModified":"2021-10-09T18:51:38+00:00","breadcrumb":{"@id":"https:\/\/www.sapt.sk\/en\/about-us\/events-and-training\/#breadcrumb"},"inLanguage":"en-US","potentialAction":[{"@type":"ReadAction","target":["https:\/\/www.sapt.sk\/en\/about-us\/events-and-training\/"]}]},{"@type":"BreadcrumbList","@id":"https:\/\/www.sapt.sk\/en\/about-us\/events-and-training\/#breadcrumb","itemListElement":[{"@type":"ListItem","position":1,"name":"Home","item":"https:\/\/www.sapt.sk\/en\/"},{"@type":"ListItem","position":2,"name":"About us","item":"https:\/\/www.sapt.sk\/en\/about-us\/"},{"@type":"ListItem","position":3,"name":"Events and training"}]},{"@type":"WebSite","@id":"https:\/\/www.sapt.sk\/en\/#website","url":"https:\/\/www.sapt.sk\/en\/","name":"The Slovak Association of Translators and Interpreters","description":"SAPT brings together professional translators and interpreters.","publisher":{"@id":"https:\/\/www.sapt.sk\/en\/#organization"},"potentialAction":[{"@type":"SearchAction","target":{"@type":"EntryPoint","urlTemplate":"https:\/\/www.sapt.sk\/en\/?s={search_term_string}"},"query-input":"required name=search_term_string"}],"inLanguage":"en-US"},{"@type":"Organization","@id":"https:\/\/www.sapt.sk\/en\/#organization","name":"The Slovak Association of Translators and Interpreters","url":"https:\/\/www.sapt.sk\/en\/","logo":{"@type":"ImageObject","inLanguage":"en-US","@id":"https:\/\/www.sapt.sk\/en\/#\/schema\/logo\/image\/","url":"https:\/\/www.sapt.sk\/wp-content\/uploads\/2022\/07\/logo_sharp.png","contentUrl":"https:\/\/www.sapt.sk\/wp-content\/uploads\/2022\/07\/logo_sharp.png","width":471,"height":229,"caption":"The Slovak Association of Translators and Interpreters"},"image":{"@id":"https:\/\/www.sapt.sk\/en\/#\/schema\/logo\/image\/"}}]}},"_links":{"self":[{"href":"https:\/\/www.sapt.sk\/en\/wp-json\/wp\/v2\/pages\/2212","targetHints":{"allow":["GET"]}}],"collection":[{"href":"https:\/\/www.sapt.sk\/en\/wp-json\/wp\/v2\/pages"}],"about":[{"href":"https:\/\/www.sapt.sk\/en\/wp-json\/wp\/v2\/types\/page"}],"author":[{"embeddable":true,"href":"https:\/\/www.sapt.sk\/en\/wp-json\/wp\/v2\/users\/3"}],"replies":[{"embeddable":true,"href":"https:\/\/www.sapt.sk\/en\/wp-json\/wp\/v2\/comments?post=2212"}],"version-history":[{"count":2,"href":"https:\/\/www.sapt.sk\/en\/wp-json\/wp\/v2\/pages\/2212\/revisions"}],"predecessor-version":[{"id":2214,"href":"https:\/\/www.sapt.sk\/en\/wp-json\/wp\/v2\/pages\/2212\/revisions\/2214"}],"up":[{"embeddable":true,"href":"https:\/\/www.sapt.sk\/en\/wp-json\/wp\/v2\/pages\/2203"}],"wp:featuredmedia":[{"embeddable":true,"href":"https:\/\/www.sapt.sk\/en\/wp-json\/wp\/v2\/media\/1201"}],"wp:attachment":[{"href":"https:\/\/www.sapt.sk\/en\/wp-json\/wp\/v2\/media?parent=2212"}],"curies":[{"name":"wp","href":"https:\/\/api.w.org\/{rel}","templated":true}]}}